{"id":22,"date":"2022-02-15T18:02:30","date_gmt":"2022-02-15T18:02:30","guid":{"rendered":"https:\/\/www.bizi56.com\/?page_id=22"},"modified":"2022-02-24T07:28:00","modified_gmt":"2022-02-24T07:28:00","slug":"agb","status":"publish","type":"page","link":"https:\/\/www.bizi56.com\/?page_id=22","title":{"rendered":"AGB"},"content":{"rendered":"\t\t<div data-elementor-type=\"wp-page\" data-elementor-id=\"22\" class=\"elementor elementor-22\" data-elementor-post-type=\"page\">\n\t\t\t\t\t\t<section class=\"elementor-section elementor-top-section elementor-element elementor-element-e254cca elementor-section-boxed elementor-section-height-default elementor-section-height-default\" data-id=\"e254cca\" data-element_type=\"section\" data-e-type=\"section\">\n\t\t\t\t\t\t<div class=\"elementor-container elementor-column-gap-default\">\n\t\t\t\t\t<div class=\"elementor-column elementor-col-100 elementor-top-column elementor-element elementor-element-a536c0d\" data-id=\"a536c0d\" data-element_type=\"column\" data-e-type=\"column\">\n\t\t\t<div class=\"elementor-widget-wrap elementor-element-populated\">\n\t\t\t\t\t\t<div class=\"elementor-element elementor-element-f0d1eeb elementor-widget elementor-widget-text-editor\" data-id=\"f0d1eeb\" data-element_type=\"widget\" data-e-type=\"widget\" data-widget_type=\"text-editor.default\">\n\t\t\t\t<div class=\"elementor-widget-container\">\n\t\t\t\t\t\t\t\t\t<p>Veranstaltungsbedingungen \/ AGB<\/p><p>\u00a71 Anmeldung &#8211; Die Anmeldung zu jeglichen Veranstaltungen\/Trainings kann nur mit dem Kauf des Veranstaltungstickets in Bizis 56 Webshop erfolgen. Die Anmeldung gilt ab dem Kauf als verbindlich. F\u00fcr jede Veranstaltung gilt die Rechnung als schriftliche Best\u00e4tigung. Im Fall des R\u00fccktritts stehen uns unter Ber\u00fccksichtigung gew\u00f6hnlich ersparter Aufwendungen und gew\u00f6hnlich m\u00f6glicher anderweitiger Verwendung der Trainingsleistungen folgende pauschale Entsch\u00e4digungen zu.<\/p><p>\u00a72 Stornierung &#8211; bei Stornierungen ab dem 40. Tag vor Veranstaltungsbeginn 50 %, bis zu dem 30. Tag, 75 %, ab dem 29. Tag vor Trainingsbeginn, am Tag des Trainingsbeginns oder bei Nichterscheinen 100 % des Kurspreises. Der\/die absagende Teilnehmer\/in (im folgenden TN genannt) hat das Recht, den durch R\u00fccktritt frei gewordenen Platz, nach R\u00fccksprache mit dem Veranstalter, anderweitig zu besetzen. Bei Umbuchung von Veranstaltungen (fester Alternativtermin) berechnen wir eine Geb\u00fchr in H\u00f6he von 10,00 Euro.<\/p><p>\u00a73 Teilnahme &#8211; Zur Teilnahme an der Veranstaltung sind nur Personen berechtigt, die zuvor das ticket im Webshop gekauft haben. Sofern sie mit einem fremden Fahrzeug an der Veranstaltung teilnehmen m\u00f6chten, eine Einverst\u00e4ndniserkl\u00e4rung des Fahrzeughalters nachweisen k\u00f6nnen und im Besitz einer f\u00fcr das jeweilige Fahrzeug g\u00fcltigen Fahrerlaubnis sind. Vor jeder Veranstaltung ist ein Haftungsverzicht zu unterzeichnen und vor Beginn abzugeben.<\/p><p>\u00a74 Verhalten w\u00e4hrend der Veranstaltung &#8211; Jeder TN ist f\u00fcr seine Fahrweise und Streckenwahl, sowie f\u00fcr alle seine Handlungen w\u00e4hrend der Veranstaltung selbst verantwortlich, auch dann wenn er die Anweisungen eines Trainers befolgt. Vorschl\u00e4ge des Veranstalters erfolgen nach allgemeinen Merkmalen und bilden insoweit die Grundlage f\u00fcr die individuelle Entscheidung des TN. Ihm sind die Risiken, die mit einem Motorradtraining verbunden sind bekannt. Dem Trainer bzw. Co-Trainer sind Unf\u00e4lle unverz\u00fcglich zu melden.<\/p><p>\u00a75 Ausschluss &#8211; Der Veranstalter und dessen Trainer sind berechtigt, den Teilnehmer von der Veranstaltung auszuschlie\u00dfen, sollte sein Fahrzeug grobe technische M\u00e4ngel aufweisen und somit eine Gefahr f\u00fcr ihn und andere TN darstellen. Die Tourguides\/Trainer sind berechtigt, die Fahrtauglichkeit der TN zu \u00fcberpr\u00fcfen und die betreffende Person, bei Fahruntauglichkeit (zum Beispiel verursacht durch Drogen, Alkohol&#8230;) auszuschlie\u00dfen. Bei unseren Veranstaltungen gilt absolutes Alkoholverbot!<\/p><p>\u00a76 Fahrerlaubnis &#8211; Der TN versichert mit seiner Unterschrift, dass er im Besitz einer g\u00fcltigen Fahrerlaubnis ist, sich sein Fahrzeug in technisch einwandfreiem Zustand befindet und ordnungsgem\u00e4\u00df zugelassen und versichert ist. Stichprobenartige Kontrollen bleiben dem Veranstalter vorbehalten.<\/p><p>\u00a77 Bildnisrecht &#8211; Jeder TN tritt sein Recht am eigenen Bild sowie Bildern\/Videos jeglicher Art und Anfertigung die im Rahmen der Veranstaltung gemacht werden an den Veranstalter ab und gibt die \u00f6ffentliche Nutzung dieser Bilder frei.<\/p><p>\u00a78 Veranstaltung im \u00f6ffentlichen Bereich &#8211; Beim Fahren im \u00f6ffentlichen Stra\u00dfenverkehr ist jeder TN verpflichtet, die Bestimmungen der StVO einzuhalten. Die Fahrzeuge d\u00fcrfen nur nach Anweisung des Trainers in Betrieb genommen werden. Den Anweisungen des Trainers bzw. der vom Veranstalter beauftragten Personen und Mitarbeitern ist in jedem Falle unbedingt Folge zu leisten. Leistet ein TN wiederholt den Anweisungen des Trainers nicht Folge, so ist der Trainer berechtigt, gem\u00e4\u00df den Voraussetzungen nach vorstehend Ziff. 6 zu k\u00fcndigen und ggf. Schadensersatz zu verlangen. F\u00fcr das Tragen ausreichender, entsprechender Schutzkleidung ist der TN bei jeder Art von Trainings bzw. Veranstaltung selbst verantwortlich. Der TN erkl\u00e4rt, dass er den Anforderungen, die durch Kurs\/Training an ihn gestellt werden, gesundheitlich\/mental gewachsen ist. Kann ein TN an einem Training oder einer Veranstaltung krankheits- oder verletzungsbedingt nicht bis zum Ende teilnehmen, wird der Veranstalter von der Verpflichtung zur Gew\u00e4hrung der weiteren Teilnahme frei. Dem Veranstalter bleibt es frei, die ersparten Aufwendungen an den TN zu erstatten. Es empfiehlt sich der Abschluss einer R\u00fccktritt- bzw. Abbruchversicherung.<\/p><p>\u00a79 Leistungen \/Preise Die Leistungen f\u00fcr die entsprechenden Trainings sind dem jeweils g\u00fcltigem Programm zu entnehmen. Nicht angegebene Leistungen sind nicht enthalten. F\u00fcr Trainings bzw. Veranstaltungen gilt jeweils die f\u00fcr das entsprechende Jahr g\u00fcltige Preisliste. M\u00fcndlich bei Vertragsabschluss getroffene Vereinbarungen sind ohne schriftliche Best\u00e4tigung ung\u00fcltig. Zusatzbestimmungen f\u00fcr Sicherheits- und Fahrertrainings sowie mehrt\u00e4gige Veranstaltungen: sofern nicht anders ausgewiesen \u00fcbernimmt der TN Verpflegungs- und \u00dcbernachtungskosten selbst.<\/p><p>\u00a710 Veranstalterabsage\/Veranstaltungs\u00e4nderung oder Abbruch F\u00fcr alle Veranstaltungen gilt eine Mindestteilnehmerzahl. Diese ist aus dem aktuellen Programm ersichtlich und f\u00fcr jede Veranstaltung unterschiedlich. Sollte die Mindestteilnehmerzahl nicht erreicht werden, steht es dem Veranstalter frei, das\/die entsprechende Training\/Veranstaltung abzusagen bzw. nach Abstimmung mit den TN geringf\u00fcgig abzu\u00e4ndern. Der Veranstalter ist ebenfalls berechtigt, ein Training bzw. eine Veranstaltung jederzeit aus Gr\u00fcnden der Sicherheit und h\u00f6heren Gewalt wie schlechtes Wetter, unsichere Platzbedingungen, Krankheit des Trainers, etc. zu \u00e4ndern, unterbrechen oder abzubrechen. In diesem Fall ist eine teilweise oder volle R\u00fcckerstattung mittels Gutschrift auf Kulanz m\u00f6glich, ein Anspruch hierauf besteht aber nicht. Sollte ein Training bzw. eine Veranstaltung am Vortag abgesagt werden, wird den TN das von ihnen gezahlte Entgelt zur\u00fcckerstattet.<\/p><p>\u00a711 Haftung &#8211; Die Beteiligung an all unseren Motorradveranstaltungen geschieht auf eigene Gefahr !<\/p><p>F\u00fcr Unf\u00e4lle au\u00dferhalb des Trainingsgel\u00e4ndes sowie Unf\u00e4lle von und zur Veranstaltung ist die Haftung generell ausgeschlossen.<\/p><p>Der TN tr\u00e4gt die alleinige zivil- und strafrechtliche Verantwortung f\u00fcr alle von ihm oder dem von ihm genutzten Fahrzeuge verursachten Sch\u00e4den, soweit keine Haftungsbeschr\u00e4nkung vereinbart wird. Diese Haftungsbeschr\u00e4nkung gilt nicht, soweit Sch\u00e4den durch irgendeine Versicherungsleistung auszugleichen sind. Der Veranstalter haftet nicht f\u00fcr Sch\u00e4den vor, w\u00e4hrend und nach der Veranstaltung. Insbesondere nicht f\u00fcr Sch\u00e4den an Fahrzeugen und\/oder gesundheitlichen Sch\u00e4den, die durch Unfall, Verlust, Einfluss Dritter und\/ oder elementare Einfl\u00fcsse entstanden sind. Dem TN ist ferner das Risiko bei Fahrten mit dem Auslegermotorrad\/ Schr\u00e4glagentrainer im Rahmen des Motorrad-Sicherheitstraining und Schr\u00e4glagentraining bewusst und erkl\u00e4rt seine Kenntnis und Einverst\u00e4ndnis mit Abgabe der Kursanmeldung. Der TN ist in Kenntnis dessen, dass er irgendwie geartete Schadenersatzanspr\u00fcche nicht geltend machen kann, wenn der Unfall auf nachweisbaren Versto\u00df gegen die Anordnungen der Trainer beruht, etwa bezogen auf Einhaltung von Geschwindigkeiten, Sicherheitsabst\u00e4nden, Regeln der Platz.- Streckenordnung usw. Der TN verzichtet darauf, f\u00fcr sich und die ihm gegen\u00fcber unterhaltsberechtigten Personen Schadensersatzanspr\u00fcche aus Vertraglicher als auch au\u00dfervertraglicher Haftung und auch f\u00fcr Anspr\u00fcche aus unerlaubter Handlung gegen\u00fcber dem Veranstalter, sowie deren Mitarbeitern geltend zu machen. Der Veranstalter ist in keiner Weise f\u00fcr die pers\u00f6nliche Sicherheit der TN und deren Eigentum und mitgebrachten Gegenst\u00e4nden verantwortlich.<\/p><p>\u00a712 Gutscheine Preiserh\u00f6hungen nach Ablauf des im Gutschein garantierten Festpreisdatums gehen zu Lasten des Gutscheininhabers, Preisherabsetzungen gehen zu Lasten des Veranstalters. Gutscheine sind bis zu drei Jahren g\u00fcltig,<br \/>dabei ist das Ausstellungsdatum ma\u00dfgebend.<\/p><p>\u00a713 Gerichtsstand ist 8700 Leoben<\/p><p>Diese Vereinbarung wird mit Abgabe der Anmeldung an den Veranstalter gegen\u00fcber allen Beteiligten wirksam.<\/p><p>Mit der Abgabe der Anmeldung erkl\u00e4rt der\/die Teilnehmer\/in sein Einverst\u00e4ndnis mit diesen Veranstaltungs-bedingungen und versichert deren Einhaltung.<\/p>\t\t\t\t\t\t\t\t<\/div>\n\t\t\t\t<\/div>\n\t\t\t\t\t<\/div>\n\t\t<\/div>\n\t\t\t\t\t<\/div>\n\t\t<\/section>\n\t\t\t\t<\/div>\n\t\t","protected":false},"excerpt":{"rendered":"<p>Veranstaltungsbedingungen \/ AGB \u00a71 Anmeldung &#8211; Die Anmeldung zu jeglichen Veranstaltungen\/Trainings kann nur mit dem Kauf des Veranstaltungstickets in Bizis 56 Webshop erfolgen. Die Anmeldung gilt ab dem Kauf als verbindlich. F\u00fcr jede Veranstaltung gilt die Rechnung als schriftliche Best\u00e4tigung. Im Fall des R\u00fccktritts stehen uns unter Ber\u00fccksichtigung gew\u00f6hnlich ersparter Aufwendungen und gew\u00f6hnlich m\u00f6glicher anderweitiger [&hellip;]<\/p>\n","protected":false},"author":1,"featured_media":0,"parent":0,"menu_order":0,"comment_status":"closed","ping_status":"closed","template":"","meta":{"footnotes":""},"class_list":["post-22","page","type-page","status-publish","hentry"],"_links":{"self":[{"href":"https:\/\/www.bizi56.com\/index.php?rest_route=\/wp\/v2\/pages\/22","targetHints":{"allow":["GET"]}}],"collection":[{"href":"https:\/\/www.bizi56.com\/index.php?rest_route=\/wp\/v2\/pages"}],"about":[{"href":"https:\/\/www.bizi56.com\/index.php?rest_route=\/wp\/v2\/types\/page"}],"author":[{"embeddable":true,"href":"https:\/\/www.bizi56.com\/index.php?rest_route=\/wp\/v2\/users\/1"}],"replies":[{"embeddable":true,"href":"https:\/\/www.bizi56.com\/index.php?rest_route=%2Fwp%2Fv2%2Fcomments&post=22"}],"version-history":[{"count":24,"href":"https:\/\/www.bizi56.com\/index.php?rest_route=\/wp\/v2\/pages\/22\/revisions"}],"predecessor-version":[{"id":466,"href":"https:\/\/www.bizi56.com\/index.php?rest_route=\/wp\/v2\/pages\/22\/revisions\/466"}],"wp:attachment":[{"href":"https:\/\/www.bizi56.com\/index.php?rest_route=%2Fwp%2Fv2%2Fmedia&parent=22"}],"curies":[{"name":"wp","href":"https:\/\/api.w.org\/{rel}","templated":true}]}}